{"id":579,"date":"2020-06-24T09:33:52","date_gmt":"2020-06-24T09:33:52","guid":{"rendered":"https:\/\/tesswebdesign.com\/?page_id=579"},"modified":"2020-09-21T08:51:23","modified_gmt":"2020-09-21T08:51:23","slug":"historie","status":"publish","type":"page","link":"https:\/\/www.cafeoldeweghuis.nl\/?page_id=579","title":{"rendered":"Historie"},"content":{"rendered":"\t\t<div data-elementor-type=\"wp-page\" data-elementor-id=\"579\" class=\"elementor elementor-579\">\n\t\t\t\t\t\t<section class=\"elementor-section elementor-top-section elementor-element elementor-element-6f94377 elementor-section-boxed elementor-section-height-default elementor-section-height-default\" data-id=\"6f94377\" data-element_type=\"section\" data-e-type=\"section\">\n\t\t\t\t\t\t<div class=\"elementor-container elementor-column-gap-default\">\n\t\t\t\t\t<div class=\"elementor-column elementor-col-100 elementor-top-column elementor-element elementor-element-1b35b45\" data-id=\"1b35b45\" data-element_type=\"column\" data-e-type=\"column\">\n\t\t\t<div class=\"elementor-widget-wrap elementor-element-populated\">\n\t\t\t\t\t\t<section class=\"elementor-section elementor-inner-section elementor-element elementor-element-b4504f1 elementor-section-boxed elementor-section-height-default elementor-section-height-default\" data-id=\"b4504f1\" data-element_type=\"section\" data-e-type=\"section\">\n\t\t\t\t\t\t<div class=\"elementor-container elementor-column-gap-default\">\n\t\t\t\t\t<div class=\"elementor-column elementor-col-100 elementor-inner-column elementor-element elementor-element-643ecd2\" data-id=\"643ecd2\" data-element_type=\"column\" data-e-type=\"column\">\n\t\t\t<div class=\"elementor-widget-wrap elementor-element-populated\">\n\t\t\t\t\t\t<div class=\"elementor-element elementor-element-0420b6e elementor-widget elementor-widget-heading\" data-id=\"0420b6e\" data-element_type=\"widget\" data-e-type=\"widget\" data-widget_type=\"heading.default\">\n\t\t\t\t<div class=\"elementor-widget-container\">\n\t\t\t\t\t<h2 class=\"elementor-heading-title elementor-size-default\">Historie van \nCaf\u00e9 Olde Weghuis<\/h2>\t\t\t\t<\/div>\n\t\t\t\t<\/div>\n\t\t\t\t\t<\/div>\n\t\t<\/div>\n\t\t\t\t\t<\/div>\n\t\t<\/section>\n\t\t\t\t\t<\/div>\n\t\t<\/div>\n\t\t\t\t\t<\/div>\n\t\t<\/section>\n\t\t\t\t<section class=\"elementor-section elementor-top-section elementor-element elementor-element-4b0fcaf elementor-section-boxed elementor-section-height-default elementor-section-height-default\" data-id=\"4b0fcaf\" data-element_type=\"section\" data-e-type=\"section\">\n\t\t\t\t\t\t<div class=\"elementor-container elementor-column-gap-default\">\n\t\t\t\t\t<div class=\"elementor-column elementor-col-50 elementor-top-column elementor-element elementor-element-b94a6c9\" data-id=\"b94a6c9\" data-element_type=\"column\" data-e-type=\"column\">\n\t\t\t<div class=\"elementor-widget-wrap elementor-element-populated\">\n\t\t\t\t\t\t<div class=\"elementor-element elementor-element-65299ac elementor-widget elementor-widget-text-editor\" data-id=\"65299ac\" data-element_type=\"widget\" data-e-type=\"widget\" data-widget_type=\"text-editor.default\">\n\t\t\t\t<div class=\"elementor-widget-container\">\n\t\t\t\t\t\t\t\t\t<p><strong><span style=\"color: #3d2829;\">Vaak hoor je bij Caf\u00e9 Olde Weghuis de reacties: &#8220;hier heeft de tijd stil gestaan&#8221;, &#8220;hoe lang bestaan jullie al?&#8221;, &#8221; gaaf hoor en super gezellig!&#8221; Een greep uit de reacties van mensen die bij Caf\u00e9 Olde Weghuis door de voor- en meestal door de achterdeur naar binnen wandelen.<\/span><\/strong><\/p><p><span style=\"color: #3d2829;\">De geschiedenis van Caf\u00e9 Olde Weghuis, ook wel Caf\u00e9 tante Leida of Caf\u00e9 &#8217;n Branderd genoemd, gaat terug naar\u00a0 1931. Echter gaat de geschiedenis van de naam &#8217;n Branderd terug naar ver voor 1900. Al met al werd de vergunning verleend op 1 december 1931 en kon het caf\u00e9 beginnen.\u00a0<\/span><\/p>\t\t\t\t\t\t\t\t<\/div>\n\t\t\t\t<\/div>\n\t\t\t\t<section class=\"elementor-section elementor-inner-section elementor-element elementor-element-84f0dd4 elementor-section-boxed elementor-section-height-default elementor-section-height-default\" data-id=\"84f0dd4\" data-element_type=\"section\" data-e-type=\"section\">\n\t\t\t\t\t\t<div class=\"elementor-container elementor-column-gap-default\">\n\t\t\t\t\t<div class=\"elementor-column elementor-col-50 elementor-inner-column elementor-element elementor-element-b672300\" data-id=\"b672300\" data-element_type=\"column\" data-e-type=\"column\">\n\t\t\t<div class=\"elementor-widget-wrap elementor-element-populated\">\n\t\t\t\t\t\t<div class=\"elementor-element elementor-element-7efbe50 elementor-widget elementor-widget-image\" data-id=\"7efbe50\" data-element_type=\"widget\" data-e-type=\"widget\" data-widget_type=\"image.default\">\n\t\t\t\t<div class=\"elementor-widget-container\">\n\t\t\t\t\t\t\t\t\t\t\t\t\t\t\t<img fetchpriority=\"high\" decoding=\"async\" width=\"768\" height=\"1085\" src=\"https:\/\/www.cafeoldeweghuis.nl\/wp-content\/uploads\/2020\/07\/Foto-Cafe-Historie-1-768x1085.jpeg\" class=\"attachment-medium_large size-medium_large wp-image-670\" alt=\"\" srcset=\"https:\/\/www.cafeoldeweghuis.nl\/wp-content\/uploads\/2020\/07\/Foto-Cafe-Historie-1-768x1085.jpeg 768w, https:\/\/www.cafeoldeweghuis.nl\/wp-content\/uploads\/2020\/07\/Foto-Cafe-Historie-1-212x300.jpeg 212w, https:\/\/www.cafeoldeweghuis.nl\/wp-content\/uploads\/2020\/07\/Foto-Cafe-Historie-1-725x1024.jpeg 725w, https:\/\/www.cafeoldeweghuis.nl\/wp-content\/uploads\/2020\/07\/Foto-Cafe-Historie-1-1087x1536.jpeg 1087w, https:\/\/www.cafeoldeweghuis.nl\/wp-content\/uploads\/2020\/07\/Foto-Cafe-Historie-1.jpeg 1159w\" sizes=\"(max-width: 768px) 100vw, 768px\" \/>\t\t\t\t\t\t\t\t\t\t\t\t\t\t\t<\/div>\n\t\t\t\t<\/div>\n\t\t\t\t\t<\/div>\n\t\t<\/div>\n\t\t\t\t<div class=\"elementor-column elementor-col-50 elementor-inner-column elementor-element elementor-element-4cb7c84\" data-id=\"4cb7c84\" data-element_type=\"column\" data-e-type=\"column\">\n\t\t\t<div class=\"elementor-widget-wrap elementor-element-populated\">\n\t\t\t\t\t\t<div class=\"elementor-element elementor-element-0d64c5e elementor-widget elementor-widget-image\" data-id=\"0d64c5e\" data-element_type=\"widget\" data-e-type=\"widget\" data-widget_type=\"image.default\">\n\t\t\t\t<div class=\"elementor-widget-container\">\n\t\t\t\t\t\t\t\t\t\t\t\t\t\t\t<img decoding=\"async\" width=\"768\" height=\"508\" src=\"https:\/\/www.cafeoldeweghuis.nl\/wp-content\/uploads\/2020\/07\/Foto-Cafe-Historie-2-768x508.jpeg\" class=\"attachment-medium_large size-medium_large wp-image-669\" alt=\"\" srcset=\"https:\/\/www.cafeoldeweghuis.nl\/wp-content\/uploads\/2020\/07\/Foto-Cafe-Historie-2-768x508.jpeg 768w, https:\/\/www.cafeoldeweghuis.nl\/wp-content\/uploads\/2020\/07\/Foto-Cafe-Historie-2-300x198.jpeg 300w, https:\/\/www.cafeoldeweghuis.nl\/wp-content\/uploads\/2020\/07\/Foto-Cafe-Historie-2-1024x677.jpeg 1024w, https:\/\/www.cafeoldeweghuis.nl\/wp-content\/uploads\/2020\/07\/Foto-Cafe-Historie-2-1536x1016.jpeg 1536w, https:\/\/www.cafeoldeweghuis.nl\/wp-content\/uploads\/2020\/07\/Foto-Cafe-Historie-2-2048x1354.jpeg 2048w\" sizes=\"(max-width: 768px) 100vw, 768px\" \/>\t\t\t\t\t\t\t\t\t\t\t\t\t\t\t<\/div>\n\t\t\t\t<\/div>\n\t\t\t\t\t<\/div>\n\t\t<\/div>\n\t\t\t\t\t<\/div>\n\t\t<\/section>\n\t\t\t\t<div class=\"elementor-element elementor-element-0cebb16 elementor-widget elementor-widget-text-editor\" data-id=\"0cebb16\" data-element_type=\"widget\" data-e-type=\"widget\" data-widget_type=\"text-editor.default\">\n\t\t\t\t<div class=\"elementor-widget-container\">\n\t\t\t\t\t\t\t\t\t<p><span style=\"color: #3d2829;\">Natuurlijk was het nog Losser, &#8216;achter &#8217;t spoor&#8217; en hoorde het Caf\u00e9 niet echt bij Oldenzaal. De echte Berghuizenaren begonnen hun uitgaansleven hier met aansluitend natuurlijk de gang naar Kothman. Anekdotes uit de oorlogstijd, toen eerst de Duitsers er kwartier hielden en later als onderkomen voor de Berghuizenaren tot aan het verstoppen van een neergeschoten Duitser, \u00a0omdat de oorlog op z&#8217;n einde liep en men een Razzia wilde voorkomen.\u00a0<\/span><\/p><p><span style=\"color: #3d2829;\">Na de oorlog bloeide het uitgaansleven weer op. Zondags eerst indrinken bij het caf\u00e9 en daarna door naar Kothman. In de pauze kwamen ze dan weer snel terug, want hier was het bier goedkoper. &#8220;Jongs&#8221; zei tante Leida dan, kom &#8217;s ffkes hier, ik zal oe &#8217;t hemd ffkes striek&#8217;n en de knoop an de boks zett&#8217;n, want so kuj d&#8217;r nie bie loop&#8217;n. &#8220;De Jongs&#8221; veelal uit Lonneker, deden in de kamer de &#8216;boks oet&#8217; en oma zette de knoop eraan.<\/span><\/p><p><span style=\"color: #3d2829;\">Het was ook in die tijd dat caf\u00e9 tante Leida de vergunning kwijt raakte want opa had natuurlijk illegaal jenever geschonken. Het procesverbaal stond dat hij de borrel snel in de spoelbak gooide. Hij heeft alles bekend behalve dat de borrel werd weggegooid, dat was toch eeuwig zunde.\u00a0<\/span><\/p>\t\t\t\t\t\t\t\t<\/div>\n\t\t\t\t<\/div>\n\t\t\t\t<div class=\"elementor-element elementor-element-17e841f elementor-widget elementor-widget-image\" data-id=\"17e841f\" data-element_type=\"widget\" data-e-type=\"widget\" data-widget_type=\"image.default\">\n\t\t\t\t<div class=\"elementor-widget-container\">\n\t\t\t\t\t\t\t\t\t\t\t\t\t\t\t<img decoding=\"async\" width=\"1024\" height=\"706\" src=\"https:\/\/www.cafeoldeweghuis.nl\/wp-content\/uploads\/2020\/07\/Foto-Cafe-Historie-4-1024x706.jpg\" class=\"attachment-large size-large wp-image-671\" alt=\"\" srcset=\"https:\/\/www.cafeoldeweghuis.nl\/wp-content\/uploads\/2020\/07\/Foto-Cafe-Historie-4-1024x706.jpg 1024w, https:\/\/www.cafeoldeweghuis.nl\/wp-content\/uploads\/2020\/07\/Foto-Cafe-Historie-4-300x207.jpg 300w, https:\/\/www.cafeoldeweghuis.nl\/wp-content\/uploads\/2020\/07\/Foto-Cafe-Historie-4-768x530.jpg 768w, https:\/\/www.cafeoldeweghuis.nl\/wp-content\/uploads\/2020\/07\/Foto-Cafe-Historie-4-1536x1059.jpg 1536w, https:\/\/www.cafeoldeweghuis.nl\/wp-content\/uploads\/2020\/07\/Foto-Cafe-Historie-4-2048x1412.jpg 2048w\" sizes=\"(max-width: 1024px) 100vw, 1024px\" \/>\t\t\t\t\t\t\t\t\t\t\t\t\t\t\t<\/div>\n\t\t\t\t<\/div>\n\t\t\t\t<div class=\"elementor-element elementor-element-3f6e9c7 elementor-widget elementor-widget-text-editor\" data-id=\"3f6e9c7\" data-element_type=\"widget\" data-e-type=\"widget\" data-widget_type=\"text-editor.default\">\n\t\t\t\t<div class=\"elementor-widget-container\">\n\t\t\t\t\t\t\t\t\t<p><span style=\"color: #3d2829;\">In de jaren 60 werd de eerste biljartclub opgericht genaamd &#8220;De Ketskeu&#8221; en werd er fanatiek gebiljart om &#8217;n munniken soalten&#8217;. De verliezer moest op de fiets naar de stad om voor iedereen een haring te halen. Inmiddels was de vergunning van het caf\u00e9 twee keer ingetrokken en al snel overgeschreven naar &#8217;n Jong Mriens, Marinus Junior, die op dat moment de winkel naast het caf\u00e9 nog bestierde. Galanteri\u00ebn en kruidenierswaren waren zijn leven. In het buitengebied boekjes ophalen met de boodschappen, zaterdags bezorgen en mensen betaalden wanneer ze geld hadden. Wie kende het winkeltje van &#8217;n Branderd nu niet. Samen met Antoon van de kledingwinkel, zijn broer, kochten ze een auto en konden ze om de week rijden. Pa met de kruidenierswaren en oom Antoon ging met pakken langs bejaardentehuizen en boeren.<\/span><\/p>\t\t\t\t\t\t\t\t<\/div>\n\t\t\t\t<\/div>\n\t\t\t\t\t<\/div>\n\t\t<\/div>\n\t\t\t\t<div class=\"elementor-column elementor-col-50 elementor-top-column elementor-element elementor-element-5e3fe59\" data-id=\"5e3fe59\" data-element_type=\"column\" data-e-type=\"column\">\n\t\t\t<div class=\"elementor-widget-wrap elementor-element-populated\">\n\t\t\t\t\t\t<div class=\"elementor-element elementor-element-0cf0ea0 elementor-widget elementor-widget-image\" data-id=\"0cf0ea0\" data-element_type=\"widget\" data-e-type=\"widget\" data-widget_type=\"image.default\">\n\t\t\t\t<div class=\"elementor-widget-container\">\n\t\t\t\t\t\t\t\t\t\t\t\t\t\t\t<img loading=\"lazy\" decoding=\"async\" width=\"476\" height=\"314\" src=\"https:\/\/www.cafeoldeweghuis.nl\/wp-content\/uploads\/2020\/07\/Foto-Cafe-Historie-6.jpeg\" class=\"attachment-large size-large wp-image-673\" alt=\"\" srcset=\"https:\/\/www.cafeoldeweghuis.nl\/wp-content\/uploads\/2020\/07\/Foto-Cafe-Historie-6.jpeg 476w, https:\/\/www.cafeoldeweghuis.nl\/wp-content\/uploads\/2020\/07\/Foto-Cafe-Historie-6-300x198.jpeg 300w\" sizes=\"(max-width: 476px) 100vw, 476px\" \/>\t\t\t\t\t\t\t\t\t\t\t\t\t\t\t<\/div>\n\t\t\t\t<\/div>\n\t\t\t\t<div class=\"elementor-element elementor-element-bc84da5 elementor-widget elementor-widget-text-editor\" data-id=\"bc84da5\" data-element_type=\"widget\" data-e-type=\"widget\" data-widget_type=\"text-editor.default\">\n\t\t\t\t<div class=\"elementor-widget-container\">\n\t\t\t\t\t\t\t\t\t<p><span style=\"color: #3d2829;\">Begin jaren 70 nam Marinus junior het caf\u00e9 over en werden de winkels bij het caf\u00e9 aangetrokken. Nu het caf\u00e9 groter was, \u00a0werden naast de reguliere en vaste klanten de pijlen gericht op vergaderingen, feestjes en partijen. Een bloeiende tijd waar met name de klootschieters hun onderkomen vonden.<\/span><\/p><p><span style=\"color: #3d2829;\">in 1990 kwam &#8220;jong Mriens&#8221; plotseling te overlijden. Zijn ouders waren er nog, en nu? Hoe nu verder met het caf\u00e9? Vol verve pakte Wil, die hem altijd ter zijde gestaan had, het caf\u00e9leven op en heeft dit meer dan 30 jaar samen met ons gerund en uitgebouwd. Inmiddels diende ook de vierde generatie horecaondernemers zich aan een ook Tim en Tess &#8216;groeien op&#8217; in de kroeg. Biertappen staand op een kratje en ook het kaarten werd hun al vroeg bijgebracht.\u00a0<\/span><br \/><span style=\"color: #3d2829;\">Vele anekdotes kunnen we nog vertellen, maar dat wordt nu te veel. Veel kadasterkaarten en foto&#8217;s zijn inmiddels vastgelegd.\u00a0<\/span><\/p><p><span style=\"color: #3d2829;\">Vaste klanten komen en gaan, al na gelang de tijd. De rook was te snijden wanneer de chauffeurs van Bleckmann van de rit terugkwamen, hun zware sjekkie draaiden of hun staking hielden. Volleybalclubs VSB en DBC (Dikke Buiken Club) hadden hun onderkomen, na de training werd er even stevig &#8216;nagepraat&#8217; en gehaktballen met &#8216;rood&#8217; waren een begrip.\u00a0<\/span><\/p><p><span style=\"color: #3d2829;\">Tegenwoordig runnen we het bedrijf met de hele familie, maar nog steeds staat gastvrijheid voorop zoals we dat geleerd hebben. Bluesbandjes op zaterdagmiddag en vele feestjes getuigen hier van.\u00a0<\/span><br \/><span style=\"color: #3d2829;\">Of &#8217;t nu gaat op &#8221;n knoop aanzett&#8217;n&#8217; bie tante Leida, &#8216;Moos ett&#8217;n bie Wil&#8217; of een onderkomen bieden bij vele vaste klanten, feestjes en partijen,\u00a0<\/span><br \/><span style=\"color: #3d2829;\">iedereen is welkom en is in overleg bij caf\u00e9 Olde Weghuis alles mogelijk.\u00a0<\/span><\/p>\t\t\t\t\t\t\t\t<\/div>\n\t\t\t\t<\/div>\n\t\t\t\t<section class=\"elementor-section elementor-inner-section elementor-element elementor-element-1145fb3 elementor-section-boxed elementor-section-height-default elementor-section-height-default\" data-id=\"1145fb3\" data-element_type=\"section\" data-e-type=\"section\">\n\t\t\t\t\t\t<div class=\"elementor-container elementor-column-gap-default\">\n\t\t\t\t\t<div class=\"elementor-column elementor-col-50 elementor-inner-column elementor-element elementor-element-98ddea4\" data-id=\"98ddea4\" data-element_type=\"column\" data-e-type=\"column\">\n\t\t\t<div class=\"elementor-widget-wrap elementor-element-populated\">\n\t\t\t\t\t\t<div class=\"elementor-element elementor-element-b5aa00f elementor-widget elementor-widget-image\" data-id=\"b5aa00f\" data-element_type=\"widget\" data-e-type=\"widget\" data-widget_type=\"image.default\">\n\t\t\t\t<div class=\"elementor-widget-container\">\n\t\t\t\t\t\t\t\t\t\t\t\t\t\t\t<img loading=\"lazy\" decoding=\"async\" width=\"725\" height=\"1024\" src=\"https:\/\/www.cafeoldeweghuis.nl\/wp-content\/uploads\/2020\/07\/Foto-Cafe-Historie-1-725x1024.jpeg\" class=\"attachment-large size-large wp-image-670\" alt=\"\" srcset=\"https:\/\/www.cafeoldeweghuis.nl\/wp-content\/uploads\/2020\/07\/Foto-Cafe-Historie-1-725x1024.jpeg 725w, https:\/\/www.cafeoldeweghuis.nl\/wp-content\/uploads\/2020\/07\/Foto-Cafe-Historie-1-212x300.jpeg 212w, https:\/\/www.cafeoldeweghuis.nl\/wp-content\/uploads\/2020\/07\/Foto-Cafe-Historie-1-768x1085.jpeg 768w, https:\/\/www.cafeoldeweghuis.nl\/wp-content\/uploads\/2020\/07\/Foto-Cafe-Historie-1-1087x1536.jpeg 1087w, https:\/\/www.cafeoldeweghuis.nl\/wp-content\/uploads\/2020\/07\/Foto-Cafe-Historie-1.jpeg 1159w\" sizes=\"(max-width: 725px) 100vw, 725px\" \/>\t\t\t\t\t\t\t\t\t\t\t\t\t\t\t<\/div>\n\t\t\t\t<\/div>\n\t\t\t\t\t<\/div>\n\t\t<\/div>\n\t\t\t\t<div class=\"elementor-column elementor-col-50 elementor-inner-column elementor-element elementor-element-f2e464d\" data-id=\"f2e464d\" data-element_type=\"column\" data-e-type=\"column\">\n\t\t\t<div class=\"elementor-widget-wrap elementor-element-populated\">\n\t\t\t\t\t\t<div class=\"elementor-element elementor-element-338349c elementor-widget elementor-widget-image\" data-id=\"338349c\" data-element_type=\"widget\" data-e-type=\"widget\" data-widget_type=\"image.default\">\n\t\t\t\t<div class=\"elementor-widget-container\">\n\t\t\t\t\t\t\t\t\t\t\t\t\t\t\t<img loading=\"lazy\" decoding=\"async\" width=\"512\" height=\"1024\" src=\"https:\/\/www.cafeoldeweghuis.nl\/wp-content\/uploads\/2020\/07\/Foto-Cafe-Historie-5-512x1024.jpg\" class=\"attachment-large size-large wp-image-672\" alt=\"\" srcset=\"https:\/\/www.cafeoldeweghuis.nl\/wp-content\/uploads\/2020\/07\/Foto-Cafe-Historie-5-512x1024.jpg 512w, https:\/\/www.cafeoldeweghuis.nl\/wp-content\/uploads\/2020\/07\/Foto-Cafe-Historie-5-150x300.jpg 150w, https:\/\/www.cafeoldeweghuis.nl\/wp-content\/uploads\/2020\/07\/Foto-Cafe-Historie-5-768x1535.jpg 768w, https:\/\/www.cafeoldeweghuis.nl\/wp-content\/uploads\/2020\/07\/Foto-Cafe-Historie-5-769x1536.jpg 769w, https:\/\/www.cafeoldeweghuis.nl\/wp-content\/uploads\/2020\/07\/Foto-Cafe-Historie-5-1025x2048.jpg 1025w, https:\/\/www.cafeoldeweghuis.nl\/wp-content\/uploads\/2020\/07\/Foto-Cafe-Historie-5-scaled.jpg 1281w\" sizes=\"(max-width: 512px) 100vw, 512px\" \/>\t\t\t\t\t\t\t\t\t\t\t\t\t\t\t<\/div>\n\t\t\t\t<\/div>\n\t\t\t\t\t<\/div>\n\t\t<\/div>\n\t\t\t\t\t<\/div>\n\t\t<\/section>\n\t\t\t\t\t<\/div>\n\t\t<\/div>\n\t\t\t\t\t<\/div>\n\t\t<\/section>\n\t\t\t\t<\/div>\n\t\t","protected":false},"excerpt":{"rendered":"<p>Historie van Caf\u00e9 Olde Weghuis Vaak hoor je bij Caf\u00e9 Olde Weghuis de reacties: &#8220;hier heeft de tijd stil gestaan&#8221;, &#8220;hoe lang bestaan jullie al?&#8221;, &#8221; gaaf hoor en super gezellig!&#8221; Een greep uit de reacties van mensen die bij Caf\u00e9 Olde Weghuis door de voor- en meestal door de achterdeur naar binnen wandelen. De [&hellip;]<\/p>\n","protected":false},"author":1,"featured_media":0,"parent":0,"menu_order":0,"comment_status":"closed","ping_status":"closed","template":"","meta":{"site-sidebar-layout":"no-sidebar","site-content-layout":"page-builder","ast-site-content-layout":"default","site-content-style":"default","site-sidebar-style":"default","ast-global-header-display":"","ast-banner-title-visibility":"","ast-main-header-display":"","ast-hfb-above-header-display":"","ast-hfb-below-header-display":"","ast-hfb-mobile-header-display":"","site-post-title":"disabled","ast-breadcrumbs-content":"","ast-featured-img":"disabled","footer-sml-layout":"","ast-disable-related-posts":"","theme-transparent-header-meta":"default","adv-header-id-meta":"","stick-header-meta":"","header-above-stick-meta":"","header-main-stick-meta":"","header-below-stick-meta":"","astra-migrate-meta-layouts":"default","ast-page-background-enabled":"default","ast-page-background-meta":{"desktop":{"background-color":"","background-image":"","background-repeat":"repeat","background-position":"center center","background-size":"auto","background-attachment":"scroll","background-type":"","background-media":"","overlay-type":"","overlay-color":"","overlay-opacity":"","overlay-gradient":""},"tablet":{"background-color":"","background-image":"","background-repeat":"repeat","background-position":"center center","background-size":"auto","background-attachment":"scroll","background-type":"","background-media":"","overlay-type":"","overlay-color":"","overlay-opacity":"","overlay-gradient":""},"mobile":{"background-color":"","background-image":"","background-repeat":"repeat","background-position":"center center","background-size":"auto","background-attachment":"scroll","background-type":"","background-media":"","overlay-type":"","overlay-color":"","overlay-opacity":"","overlay-gradient":""}},"ast-content-background-meta":{"desktop":{"background-color":"var(--ast-global-color-5)","background-image":"","background-repeat":"repeat","background-position":"center center","background-size":"auto","background-attachment":"scroll","background-type":"","background-media":"","overlay-type":"","overlay-color":"","overlay-opacity":"","overlay-gradient":""},"tablet":{"background-color":"var(--ast-global-color-5)","background-image":"","background-repeat":"repeat","background-position":"center center","background-size":"auto","background-attachment":"scroll","background-type":"","background-media":"","overlay-type":"","overlay-color":"","overlay-opacity":"","overlay-gradient":""},"mobile":{"background-color":"var(--ast-global-color-5)","background-image":"","background-repeat":"repeat","background-position":"center center","background-size":"auto","background-attachment":"scroll","background-type":"","background-media":"","overlay-type":"","overlay-color":"","overlay-opacity":"","overlay-gradient":""}},"footnotes":""},"class_list":["post-579","page","type-page","status-publish","hentry"],"_links":{"self":[{"href":"https:\/\/www.cafeoldeweghuis.nl\/index.php?rest_route=\/wp\/v2\/pages\/579","targetHints":{"allow":["GET"]}}],"collection":[{"href":"https:\/\/www.cafeoldeweghuis.nl\/index.php?rest_route=\/wp\/v2\/pages"}],"about":[{"href":"https:\/\/www.cafeoldeweghuis.nl\/index.php?rest_route=\/wp\/v2\/types\/page"}],"author":[{"embeddable":true,"href":"https:\/\/www.cafeoldeweghuis.nl\/index.php?rest_route=\/wp\/v2\/users\/1"}],"replies":[{"embeddable":true,"href":"https:\/\/www.cafeoldeweghuis.nl\/index.php?rest_route=%2Fwp%2Fv2%2Fcomments&post=579"}],"version-history":[{"count":6,"href":"https:\/\/www.cafeoldeweghuis.nl\/index.php?rest_route=\/wp\/v2\/pages\/579\/revisions"}],"predecessor-version":[{"id":924,"href":"https:\/\/www.cafeoldeweghuis.nl\/index.php?rest_route=\/wp\/v2\/pages\/579\/revisions\/924"}],"wp:attachment":[{"href":"https:\/\/www.cafeoldeweghuis.nl\/index.php?rest_route=%2Fwp%2Fv2%2Fmedia&parent=579"}],"curies":[{"name":"wp","href":"https:\/\/api.w.org\/{rel}","templated":true}]}}